{"id":161,"date":"2026-02-26T17:03:37","date_gmt":"2026-02-26T17:03:37","guid":{"rendered":"https:\/\/algesanet.com\/?page_id=161"},"modified":"2026-03-26T22:57:54","modified_gmt":"2026-03-26T22:57:54","slug":"intranet","status":"publish","type":"page","link":"https:\/\/algesanet.com\/index.php\/intranet\/","title":{"rendered":"Portal de Clientes &#8211; Intranet"},"content":{"rendered":"<div id=\"validador-intranet\" style=\"padding: 20px; border: 2px solid #0073aa; border-radius: 10px; background-color: #f0f8ff; text-align: center;\">\n<br>\n    <h4>\ud83d\udd12 Verificaci\u00f3n de Acceso Local (ALGESA)<\/h4>\n    <p>Para acceder a la Toma de Muestras y Log\u00edstica, debe estar en la red del Puerto.<\/p>\n<br>\n    <button id=\"btn-validar\" onclick=\"validarConexion()\" style=\"background-color: #0073aa; color: white; border: none; padding: 10px 20px; border-radius: 5px; cursor: pointer; font-weight: bold;\">\n        Verificar mi conexi\u00f3n ahora\n    <\/button>\n<br>\n<br>\n<br>\n    <div id=\"mensaje-error\" style=\"display:none; margin-top: 15px; color: #d63638; font-weight: bold;\">\n        \u274c No se detect\u00f3 la red de ALGESA. <br>\n<br>\n        <span style=\"font-size: 0.85em; font-weight: normal;\">Con\u00e9ctese al WIFI del Puerto o use la VPN.<\/span>\n    <\/div>\n<\/div>\n\n<div id=\"contenido-protegido\" style=\"display:none; margin-top: 20px;\">\n    <h4 style=\"color: #46b450; text-align:center;\">\u2705 Acceso Correcto a la Intranet<\/h4>\n   <br> \n   <br>\n<div class=\"wp-block-button\" style=\"text-align: center; margin-bottom: 10px;\">\n    <a class=\"wp-block-button__link has-contrast-background-color has-background wp-element-button\" \n       href=\"http:\/\/mapa.algesanet.com\/algesanet\/mapa.php\" \n       style=\"border-radius: 100px; \n              padding: 30px 0; \n              display: block; \n              width: 100%; \n              margin: 0 auto; \n              text-align: center; \n              font-weight: bold; \n              text-decoration: none;\">\n        Toma de Muestras\n    <\/a>\n<\/div>\n<br>\n<div class=\"wp-block-button\" style=\"text-align: center; margin-bottom: 10px;\">\n    <a class=\"wp-block-button__link has-contrast-background-color has-background wp-element-button\" \n       href=\"http:\/\/mapa.algesanet.com\/algesanet\/index.php\" \n       style=\"border-radius: 100px; \n              padding: 30px 0; \n              display: block; \n              width: 100%; \n              margin: 0 auto; \n              text-align: center; \n              font-weight: bold; \n              text-decoration: none;\">\n         *** Log\u00edstica ***\n    <\/a>\n<\/div>\n<br>\n<div class=\"wp-block-button\" style=\"text-align: center; margin-bottom: 10px;\">\n    <a class=\"wp-block-button__link has-contrast-background-color has-background wp-element-button\" \n       href=\"http:\/\/mapa.algesanet.com\/algesanet\/LiberadosExpCG.php\" \n       style=\"border-radius: 100px; \n              padding: 30px 0; \n              display: block; \n              width: 100%; \n              margin: 0 auto; \n              text-align: center; \n              font-weight: bold; \n              text-decoration: none;\">\n         Cargas Liberadas &#8211; Cargas Generales\n    <\/a>\n<\/div>    \n<br>\n<div class=\"wp-block-button\" style=\"text-align: center; margin-bottom: 10px;\">\n    <a class=\"wp-block-button__link has-contrast-background-color has-background wp-element-button\" \n       href=\"http:\/\/mapa.algesanet.com\/algesanet\/LiberadosExpGR.php\" \n       style=\"border-radius: 100px; \n              padding: 30px 0; \n              display: block; \n              width: 100%; \n              margin: 0 auto; \n              text-align: center; \n              font-weight: bold; \n              text-decoration: none;\">\n         Cargas Liberadas &#8211; Cargas de Granos\n    <\/a>\n<\/div>\n<br>\n<div class=\"wp-block-button\" style=\"text-align: center; margin-bottom: 10px;\">\n    <a class=\"wp-block-button__link has-contrast-background-color has-background wp-element-button\" \n       href=\"http:\/\/py055alg.net.algesa\/reports\/browse\" \n       style=\"border-radius: 100px; \n              padding: 30px 0; \n              display: block; \n              width: 100%; \n              margin: 0 auto; \n              text-align: center; \n              font-weight: bold; \n              text-decoration: none;\">\n         Reportes ALGESA\n    <\/a>\n<\/div>\n\n<script>\n\nfunction validarConexion() {\n    const btn = document.getElementById('btn-validar');\n    const errorDiv = document.getElementById('mensaje-error');\n    const contenido = document.getElementById('contenido-protegido');\n    const validador = document.getElementById('validador-intranet');\n\n    btn.innerText = \"Validando...\";\n    btn.disabled = true;\n    errorDiv.style.display = \"none\";\n\n    const ipLocal = \"http:\/\/192.168.1.13\"; \n    const testImg = new Image();\n    \n    testImg.onload = function() {\n        validador.style.display = \"none\"; \n        contenido.style.display = \"block\"; \/\/ Esto har\u00e1 que aparezcan todos los botones\n    };\n\n    testImg.onerror = function() {\n        btn.innerText = \"Verificar mi conexi\u00f3n ahora\";\n        btn.disabled = false;\n        errorDiv.style.display = \"block\";\n    };\n\n    \/\/ Usamos una ruta de imagen que sepas que existe en ese servidor\n    testImg.src = ipLocal + \"\/algesanet\/images\/w-logo-blue.png?t=\" + new Date().getTime();\n}\n<\/script>\n\n<!-- \/wp:post-content -->\n\n<!-- wp:paragraph {\"align\":\"center\"} -->\n<br>\n<br>\n<p class=\"has-text-align-center\">P\u00e1gina dise\u00f1ada para funcionar dentro de ALGESA, para poder usar los recursos de WIFI del Puerto y la Intranet del Puerto. <\/p>\n<!-- \/wp:paragraph -->\n\n","protected":false},"excerpt":{"rendered":"<p>\ud83d\udd12 Verificaci\u00f3n de Acceso Local (ALGESA) Para acceder a la Toma de Muestras y Log\u00edstica, debe estar en la red del Puerto. Verificar mi conexi\u00f3n ahora \u274c No se detect\u00f3 la red de ALGESA. Con\u00e9ctese al WIFI del Puerto o use la VPN. \u2705 Acceso Correcto a la Intranet Toma de Muestras *** Log\u00edstica *** [&hellip;]<\/p>\n","protected":false},"author":1,"featured_media":59,"parent":0,"menu_order":0,"comment_status":"closed","ping_status":"closed","template":"","meta":{"footnotes":""},"class_list":["post-161","page","type-page","status-publish","has-post-thumbnail","hentry"],"_links":{"self":[{"href":"https:\/\/algesanet.com\/index.php\/wp-json\/wp\/v2\/pages\/161","targetHints":{"allow":["GET"]}}],"collection":[{"href":"https:\/\/algesanet.com\/index.php\/wp-json\/wp\/v2\/pages"}],"about":[{"href":"https:\/\/algesanet.com\/index.php\/wp-json\/wp\/v2\/types\/page"}],"author":[{"embeddable":true,"href":"https:\/\/algesanet.com\/index.php\/wp-json\/wp\/v2\/users\/1"}],"replies":[{"embeddable":true,"href":"https:\/\/algesanet.com\/index.php\/wp-json\/wp\/v2\/comments?post=161"}],"version-history":[{"count":48,"href":"https:\/\/algesanet.com\/index.php\/wp-json\/wp\/v2\/pages\/161\/revisions"}],"predecessor-version":[{"id":323,"href":"https:\/\/algesanet.com\/index.php\/wp-json\/wp\/v2\/pages\/161\/revisions\/323"}],"wp:featuredmedia":[{"embeddable":true,"href":"https:\/\/algesanet.com\/index.php\/wp-json\/wp\/v2\/media\/59"}],"wp:attachment":[{"href":"https:\/\/algesanet.com\/index.php\/wp-json\/wp\/v2\/media?parent=161"}],"curies":[{"name":"wp","href":"https:\/\/api.w.org\/{rel}","templated":true}]}}