{"id":16,"date":"2026-02-01T18:25:43","date_gmt":"2026-02-01T21:25:43","guid":{"rendered":"https:\/\/movimientocdecamiones.wordpress.com\/home\/"},"modified":"2026-03-17T17:02:00","modified_gmt":"2026-03-17T17:02:00","slug":"home","status":"publish","type":"page","link":"https:\/\/algesanet.com\/","title":{"rendered":"Inicio"},"content":{"rendered":"\n<h1 class=\"wp-block-heading has-text-align-center\">Almacenes Generales SA<\/h1>\n\n\n\n<p class=\"has-text-align-center\">Somos un puerto y terminal de cargas en el Alto Paran\u00e1 con m\u00e1s de 25 a\u00f1os de experiencia en las importaciones y exportaciones brindando infraestructura a terminales aduaneras<\/p>\n\n\n\n<p class=\"has-text-align-center has-accent-1-background-color has-background has-small-font-size\"><strong>Tel Cel para WhatsApp + 595 987 127653<\/strong><\/p>\n\n\n\n<div style=\"aspect-ratio:unset;\" class=\"wp-block-cover alignfull is-light is-layout-flow wp-block-cover-is-layout-flow\"><img decoding=\"async\" class=\"wp-block-cover__image-background wp-image-8\" alt=\"\" src=\"https:\/\/algesanet.com\/wp-content\/uploads\/2026\/02\/img-20260201-wa00112421318214813651910.jpg?w=1024\" style=\"object-position:80% 75%\" data-object-fit=\"cover\" data-object-position=\"80% 75%\"\/><span aria-hidden=\"true\" class=\"wp-block-cover__background has-foreground-background-color has-background-dim-10 has-background-dim\"><\/span><div class=\"wp-block-cover__inner-container\"><\/div><\/div>\n\n\n\n<div class=\"wp-block-cover alignfull is-light is-layout-flow wp-block-cover-is-layout-flow\"><img decoding=\"async\" class=\"wp-block-cover__image-background wp-image-9\" alt=\"\" src=\"https:\/\/algesanet.com\/wp-content\/uploads\/2026\/02\/img-20260201-wa00104509251874830695627.jpg?w=1024\" style=\"object-position:20% 97%\" data-object-fit=\"cover\" data-object-position=\"20% 97%\"\/><span aria-hidden=\"true\" class=\"wp-block-cover__background has-foreground-background-color has-background-dim-10 has-background-dim\"><\/span><div class=\"wp-block-cover__inner-container\"><\/div><\/div>\n","protected":false},"excerpt":{"rendered":"<p>Almacenes Generales SA Somos un puerto y terminal de cargas en el Alto Paran\u00e1 con m\u00e1s de 25 a\u00f1os de experiencia en las importaciones y exportaciones brindando infraestructura a terminales aduaneras Tel Cel para WhatsApp + 595 987 127653<\/p>\n","protected":false},"author":1,"featured_media":59,"parent":0,"menu_order":0,"comment_status":"closed","ping_status":"closed","template":"","meta":{"footnotes":""},"class_list":["post-16","page","type-page","status-publish","has-post-thumbnail","hentry"],"_links":{"self":[{"href":"https:\/\/algesanet.com\/index.php\/wp-json\/wp\/v2\/pages\/16","targetHints":{"allow":["GET"]}}],"collection":[{"href":"https:\/\/algesanet.com\/index.php\/wp-json\/wp\/v2\/pages"}],"about":[{"href":"https:\/\/algesanet.com\/index.php\/wp-json\/wp\/v2\/types\/page"}],"author":[{"embeddable":true,"href":"https:\/\/algesanet.com\/index.php\/wp-json\/wp\/v2\/users\/1"}],"replies":[{"embeddable":true,"href":"https:\/\/algesanet.com\/index.php\/wp-json\/wp\/v2\/comments?post=16"}],"version-history":[{"count":29,"href":"https:\/\/algesanet.com\/index.php\/wp-json\/wp\/v2\/pages\/16\/revisions"}],"predecessor-version":[{"id":207,"href":"https:\/\/algesanet.com\/index.php\/wp-json\/wp\/v2\/pages\/16\/revisions\/207"}],"wp:featuredmedia":[{"embeddable":true,"href":"https:\/\/algesanet.com\/index.php\/wp-json\/wp\/v2\/media\/59"}],"wp:attachment":[{"href":"https:\/\/algesanet.com\/index.php\/wp-json\/wp\/v2\/media?parent=16"}],"curies":[{"name":"wp","href":"https:\/\/api.w.org\/{rel}","templated":true}]}}