{"id":15,"date":"2026-02-01T21:30:42","date_gmt":"2026-02-01T21:30:42","guid":{"rendered":"http:\/\/movimientocdecamiones.wordpress.com\/?page_id=1"},"modified":"2026-03-17T15:09:21","modified_gmt":"2026-03-17T15:09:21","slug":"algesanet-com-nosotros","status":"publish","type":"page","link":"https:\/\/algesanet.com\/index.php\/home\/algesanet-com-nosotros\/","title":{"rendered":"Nosotros"},"content":{"rendered":"\n<p>Empresa constituida el 16 de Octubre de 1980 e inscripta en el Registro P\u00fablico de Comercio, secci\u00f3n Contratos, bajo el N\u00b0 1079, pagina 224 y siguientes, el 28 de Agosto de 1981, con el objeto principal de prestar servicio de almacenaje con emisi\u00f3n de certificados de Dep\u00f3sito y Warrant.<br><br>ALGESA como empresa de almacenes generales opera dentro del marco de la Ley 215\/70 bajo el control y la supervisi\u00f3n de la Superintendencia de Bancos por la Ley 861\/96 de Bancos y Financieras.<br><br>A partir del 01 de Marzo de 2000 incorpora el servicio de Terminal de Cargas en Ciudad del Este, en 2010 en Salto del Guaira por acuerdo de administraci\u00f3n delegada con la C\u00e1mara Paraguaya de Comercializadores y Exportadores de Cereales y Oleaginosas (CAPECO) y la operaci\u00f3n del Puerto de San Juan, Dpto. de Itap\u00faa, por contrato con la ANNP.<br><br>Hoy en todas estas instalaciones opera la Administraci\u00f3n Nacional de Aduanas para operaciones de importaci\u00f3n y exportaci\u00f3n.<\/p>\n\n\n\n<p><\/p>\n\n\n\n<figure data-wp-context=\"{&quot;imageId&quot;:&quot;69f2734fe9269&quot;}\" data-wp-interactive=\"core\/image\" data-wp-key=\"69f2734fe9269\" class=\"wp-block-image size-large wp-lightbox-container\"><img loading=\"lazy\" decoding=\"async\" width=\"1024\" height=\"576\" data-wp-class--hide=\"state.isContentHidden\" data-wp-class--show=\"state.isContentVisible\" data-wp-init=\"callbacks.setButtonStyles\" data-wp-on--click=\"actions.showLightbox\" data-wp-on--load=\"callbacks.setButtonStyles\" data-wp-on-window--resize=\"callbacks.setButtonStyles\" src=\"https:\/\/algesanet.com\/wp-content\/uploads\/2026\/02\/whatsapp-image-2026-02-01-at-19.31.06-1-1024x576.jpeg\" alt=\"\" class=\"wp-image-34\" srcset=\"https:\/\/algesanet.com\/wp-content\/uploads\/2026\/02\/whatsapp-image-2026-02-01-at-19.31.06-1-1024x576.jpeg 1024w, https:\/\/algesanet.com\/wp-content\/uploads\/2026\/02\/whatsapp-image-2026-02-01-at-19.31.06-1-300x169.jpeg 300w, https:\/\/algesanet.com\/wp-content\/uploads\/2026\/02\/whatsapp-image-2026-02-01-at-19.31.06-1-768x432.jpeg 768w, https:\/\/algesanet.com\/wp-content\/uploads\/2026\/02\/whatsapp-image-2026-02-01-at-19.31.06-1.jpeg 1280w\" sizes=\"auto, (max-width: 1024px) 100vw, 1024px\" \/><button\n\t\t\tclass=\"lightbox-trigger\"\n\t\t\ttype=\"button\"\n\t\t\taria-haspopup=\"dialog\"\n\t\t\taria-label=\"Agrandar\"\n\t\t\tdata-wp-init=\"callbacks.initTriggerButton\"\n\t\t\tdata-wp-on--click=\"actions.showLightbox\"\n\t\t\tdata-wp-style--right=\"state.imageButtonRight\"\n\t\t\tdata-wp-style--top=\"state.imageButtonTop\"\n\t\t>\n\t\t\t<svg xmlns=\"http:\/\/www.w3.org\/2000\/svg\" width=\"12\" height=\"12\" fill=\"none\" viewBox=\"0 0 12 12\">\n\t\t\t\t<path fill=\"#fff\" d=\"M2 0a2 2 0 0 0-2 2v2h1.5V2a.5.5 0 0 1 .5-.5h2V0H2Zm2 10.5H2a.5.5 0 0 1-.5-.5V8H0v2a2 2 0 0 0 2 2h2v-1.5ZM8 12v-1.5h2a.5.5 0 0 0 .5-.5V8H12v2a2 2 0 0 1-2 2H8Zm2-12a2 2 0 0 1 2 2v2h-1.5V2a.5.5 0 0 0-.5-.5H8V0h2Z\" \/>\n\t\t\t<\/svg>\n\t\t<\/button><\/figure>\n","protected":false},"excerpt":{"rendered":"<p>Empresa constituida el 16 de Octubre de 1980 e inscripta en el Registro P\u00fablico de Comercio, secci\u00f3n Contratos, bajo el N\u00b0 1079, pagina 224 y siguientes, el 28 de Agosto de 1981, con el objeto principal de prestar servicio de almacenaje con emisi\u00f3n de certificados de Dep\u00f3sito y Warrant. ALGESA como empresa de almacenes generales [&hellip;]<\/p>\n","protected":false},"author":1,"featured_media":59,"parent":16,"menu_order":0,"comment_status":"closed","ping_status":"closed","template":"","meta":{"footnotes":""},"class_list":["post-15","page","type-page","status-publish","has-post-thumbnail","hentry"],"_links":{"self":[{"href":"https:\/\/algesanet.com\/index.php\/wp-json\/wp\/v2\/pages\/15","targetHints":{"allow":["GET"]}}],"collection":[{"href":"https:\/\/algesanet.com\/index.php\/wp-json\/wp\/v2\/pages"}],"about":[{"href":"https:\/\/algesanet.com\/index.php\/wp-json\/wp\/v2\/types\/page"}],"author":[{"embeddable":true,"href":"https:\/\/algesanet.com\/index.php\/wp-json\/wp\/v2\/users\/1"}],"replies":[{"embeddable":true,"href":"https:\/\/algesanet.com\/index.php\/wp-json\/wp\/v2\/comments?post=15"}],"version-history":[{"count":3,"href":"https:\/\/algesanet.com\/index.php\/wp-json\/wp\/v2\/pages\/15\/revisions"}],"predecessor-version":[{"id":194,"href":"https:\/\/algesanet.com\/index.php\/wp-json\/wp\/v2\/pages\/15\/revisions\/194"}],"up":[{"embeddable":true,"href":"https:\/\/algesanet.com\/index.php\/wp-json\/wp\/v2\/pages\/16"}],"wp:featuredmedia":[{"embeddable":true,"href":"https:\/\/algesanet.com\/index.php\/wp-json\/wp\/v2\/media\/59"}],"wp:attachment":[{"href":"https:\/\/algesanet.com\/index.php\/wp-json\/wp\/v2\/media?parent=15"}],"curies":[{"name":"wp","href":"https:\/\/api.w.org\/{rel}","templated":true}]}}